{"id":70,"date":"2016-06-27T14:30:44","date_gmt":"2016-06-27T13:30:44","guid":{"rendered":"http:\/\/lefournilogement.fr\/?page_id=70"},"modified":"2026-02-05T16:18:14","modified_gmt":"2026-02-05T15:18:14","slug":"14-bis-avenue-de-bad-kreuznach","status":"publish","type":"page","link":"http:\/\/lefournilogement.fr\/?page_id=70","title":{"rendered":"14 avenue de Bad Kreuznach"},"content":{"rendered":"<p>Nos studios sont enti\u00e8rement meubl\u00e9s et tous \u00e9quip\u00e9s d&rsquo;une kitchenette (frigo, plaques de cuisson, micro-onde), d&rsquo;un couchage, d&rsquo;une table, de chaises, d&rsquo;une armoire et d&rsquo;\u00e9tag\u00e8res de rangement. Les studios disposent d&rsquo;une salle de bain et de WC privatifs. Un lave-linge est \u00e0 disposition des locataires.<\/p>\n<p>Nos F2 sont \u00e9galement meubl\u00e9s avec une cuisine \u00e9quip\u00e9e d&rsquo;un frigo, d&rsquo;une cuisini\u00e8re et d&rsquo;un lave-linge.<\/p>\n<p>Nos F3 ne sont pas meubl\u00e9s.<\/p>\n<p>L&rsquo;entr\u00e9e aux logements est ind\u00e9pendante. Parking possible.<\/p>\n<p>L&rsquo;IUT et&nbsp; l&rsquo;Ecole de commerce situ\u00e9s dans le quartier d&rsquo;Alimentec, le Lyc\u00e9e des Sardi\u00e8res et le Lyc\u00e9e Gabriel Voisin sont \u00e0 10 minutes \u00e0 pied. Le centre-ville est \u00e0 15 minutes \u00e0 pied. Arr\u00eat de bus devant le b\u00e2timent. Des commerces sont \u00e0 proximit\u00e9 ainsi que le Centre Nautique Carr\u00e9 d&rsquo;Eau.<\/p>\n<p><strong>La disponibilit\u00e9 des logements est mise \u00e0 jour r\u00e9guli\u00e8rement. Derni\u00e8re mise \u00e0 jour le 5 f\u00e9vrier 2026.<\/strong><\/p>\n<p>&nbsp;<\/p>\n\n\n<div style=\"height:100px\" aria-hidden=\"true\" class=\"wp-block-spacer\"><\/div>\n\n\n\n<div class=\"wp-block-group\"><div class=\"wp-block-group__inner-container is-layout-constrained wp-block-group-is-layout-constrained\">\n<div class=\"wp-block-group\"><div class=\"wp-block-group__inner-container is-layout-constrained wp-block-group-is-layout-constrained\">\n<div class=\"wp-block-group is-vertical is-layout-flex wp-container-core-group-is-layout-8cf370e7 wp-block-group-is-layout-flex\">\n<figure class=\"wp-block-gallery has-nested-images columns-4 is-cropped wp-block-gallery-1 is-layout-flex wp-block-gallery-is-layout-flex\">\n<figure class=\"wp-block-image\"><a href=\"https:\/\/lefournilogement.fr\/?page_id=525\"><img loading=\"lazy\" decoding=\"async\" width=\"300\" height=\"225\" data-id=\"307\" src=\"https:\/\/lefournilogement.fr\/wp-content\/uploads\/2020\/06\/studio-1.1.jpg\" alt=\"\" class=\"wp-image-307\" srcset=\"http:\/\/lefournilogement.fr\/wp-content\/uploads\/2020\/06\/studio-1.1.jpg 300w, http:\/\/lefournilogement.fr\/wp-content\/uploads\/2020\/06\/studio-1.1-200x150.jpg 200w, http:\/\/lefournilogement.fr\/wp-content\/uploads\/2020\/06\/studio-1.1-150x113.jpg 150w\" sizes=\"auto, (max-width: 300px) 100vw, 300px\" \/><\/a><figcaption class=\"wp-element-caption\">Studio 1 (18m<strong>\u00b2<\/strong>) <strong>OCCUPE<\/strong><\/figcaption><\/figure>\n\n\n\n<figure class=\"wp-block-image size-full\"><a href=\"https:\/\/lefournilogement.fr\/?page_id=526\"><img loading=\"lazy\" decoding=\"async\" width=\"450\" height=\"600\" data-id=\"1654\" src=\"https:\/\/lefournilogement.fr\/wp-content\/uploads\/2025\/03\/IMG_2887.jpg\" alt=\"\" class=\"wp-image-1654\" srcset=\"http:\/\/lefournilogement.fr\/wp-content\/uploads\/2025\/03\/IMG_2887.jpg 450w, http:\/\/lefournilogement.fr\/wp-content\/uploads\/2025\/03\/IMG_2887-225x300.jpg 225w, http:\/\/lefournilogement.fr\/wp-content\/uploads\/2025\/03\/IMG_2887-113x150.jpg 113w\" sizes=\"auto, (max-width: 450px) 100vw, 450px\" \/><\/a><figcaption class=\"wp-element-caption\">Studio 2 (20m<strong>\u00b2<\/strong>) OCCUPE<\/figcaption><\/figure>\n\n\n\n<figure class=\"wp-block-image size-full\"><a href=\"https:\/\/lefournilogement.fr\/?page_id=527\"><img loading=\"lazy\" decoding=\"async\" width=\"450\" height=\"600\" data-id=\"551\" src=\"http:\/\/lefournilogement.fr\/wp-content\/uploads\/2023\/06\/IMG_1733.jpg\" alt=\"\" class=\"wp-image-551\" srcset=\"http:\/\/lefournilogement.fr\/wp-content\/uploads\/2023\/06\/IMG_1733.jpg 450w, http:\/\/lefournilogement.fr\/wp-content\/uploads\/2023\/06\/IMG_1733-225x300.jpg 225w, http:\/\/lefournilogement.fr\/wp-content\/uploads\/2023\/06\/IMG_1733-113x150.jpg 113w\" sizes=\"auto, (max-width: 450px) 100vw, 450px\" \/><\/a><figcaption class=\"wp-element-caption\">Studio 3 (18m<strong>\u00b2<\/strong>)<strong> LOUE<\/strong><\/figcaption><\/figure>\n\n\n\n<figure class=\"wp-block-image size-full\"><a href=\"https:\/\/lefournilogement.fr\/?page_id=566\"><img loading=\"lazy\" decoding=\"async\" width=\"450\" height=\"600\" data-id=\"1597\" src=\"https:\/\/lefournilogement.fr\/wp-content\/uploads\/2024\/10\/ST-4-3.jpg\" alt=\"\" class=\"wp-image-1597\" srcset=\"http:\/\/lefournilogement.fr\/wp-content\/uploads\/2024\/10\/ST-4-3.jpg 450w, http:\/\/lefournilogement.fr\/wp-content\/uploads\/2024\/10\/ST-4-3-225x300.jpg 225w, http:\/\/lefournilogement.fr\/wp-content\/uploads\/2024\/10\/ST-4-3-113x150.jpg 113w\" sizes=\"auto, (max-width: 450px) 100vw, 450px\" \/><\/a><figcaption class=\"wp-element-caption\">Studio 4 (25m<strong>\u00b2<\/strong>) <strong>LOUE<\/strong><\/figcaption><\/figure>\n\n\n\n<figure class=\"wp-block-image size-full\"><a href=\"https:\/\/lefournilogement.fr\/?page_id=567\"><img loading=\"lazy\" decoding=\"async\" width=\"450\" height=\"600\" data-id=\"1511\" src=\"https:\/\/lefournilogement.fr\/wp-content\/uploads\/2024\/10\/IMG_3718.jpeg\" alt=\"\" class=\"wp-image-1511\" srcset=\"http:\/\/lefournilogement.fr\/wp-content\/uploads\/2024\/10\/IMG_3718.jpeg 450w, http:\/\/lefournilogement.fr\/wp-content\/uploads\/2024\/10\/IMG_3718-225x300.jpeg 225w, http:\/\/lefournilogement.fr\/wp-content\/uploads\/2024\/10\/IMG_3718-113x150.jpeg 113w\" sizes=\"auto, (max-width: 450px) 100vw, 450px\" \/><\/a><figcaption class=\"wp-element-caption\">Studio 5 (18m<strong>\u00b2<\/strong>)<strong> LOUE<\/strong><\/figcaption><\/figure>\n\n\n\n<figure class=\"wp-block-image size-full\"><a href=\"https:\/\/lefournilogement.fr\/?page_id=568\"><img loading=\"lazy\" decoding=\"async\" width=\"450\" height=\"600\" data-id=\"1048\" src=\"http:\/\/lefournilogement.fr\/wp-content\/uploads\/2023\/07\/IMG_4368.jpg\" alt=\"\" class=\"wp-image-1048\" srcset=\"http:\/\/lefournilogement.fr\/wp-content\/uploads\/2023\/07\/IMG_4368.jpg 450w, http:\/\/lefournilogement.fr\/wp-content\/uploads\/2023\/07\/IMG_4368-225x300.jpg 225w, http:\/\/lefournilogement.fr\/wp-content\/uploads\/2023\/07\/IMG_4368-113x150.jpg 113w\" sizes=\"auto, (max-width: 450px) 100vw, 450px\" \/><\/a><figcaption class=\"wp-element-caption\">Studio 6 (17m<strong>\u00b2<\/strong>) <strong>LOUE<\/strong><\/figcaption><\/figure>\n\n\n\n<figure class=\"wp-block-image size-full\"><a href=\"https:\/\/lefournilogement.fr\/?page_id=569\"><img loading=\"lazy\" decoding=\"async\" width=\"450\" height=\"600\" data-id=\"1229\" src=\"http:\/\/lefournilogement.fr\/wp-content\/uploads\/2024\/01\/IMG_3676.jpg\" alt=\"\" class=\"wp-image-1229\" srcset=\"http:\/\/lefournilogement.fr\/wp-content\/uploads\/2024\/01\/IMG_3676.jpg 450w, http:\/\/lefournilogement.fr\/wp-content\/uploads\/2024\/01\/IMG_3676-225x300.jpg 225w, http:\/\/lefournilogement.fr\/wp-content\/uploads\/2024\/01\/IMG_3676-113x150.jpg 113w\" sizes=\"auto, (max-width: 450px) 100vw, 450px\" \/><\/a><figcaption class=\"wp-element-caption\">Studio 7 (17m<strong>\u00b2<\/strong>) <strong>OCCUPE<\/strong><\/figcaption><\/figure>\n\n\n\n<figure class=\"wp-block-image size-full\"><a href=\"https:\/\/lefournilogement.fr\/?page_id=416\"><img loading=\"lazy\" decoding=\"async\" width=\"450\" height=\"600\" data-id=\"426\" src=\"http:\/\/lefournilogement.fr\/wp-content\/uploads\/2023\/06\/IMG_3557.jpg\" alt=\"\" class=\"wp-image-426\" srcset=\"http:\/\/lefournilogement.fr\/wp-content\/uploads\/2023\/06\/IMG_3557.jpg 450w, http:\/\/lefournilogement.fr\/wp-content\/uploads\/2023\/06\/IMG_3557-225x300.jpg 225w, http:\/\/lefournilogement.fr\/wp-content\/uploads\/2023\/06\/IMG_3557-113x150.jpg 113w\" sizes=\"auto, (max-width: 450px) 100vw, 450px\" \/><\/a><figcaption class=\"wp-element-caption\">F2 Etage (25m<strong>\u00b2<\/strong>) <strong>OCCUPE<\/strong><\/figcaption><\/figure>\n\n\n\n<figure class=\"wp-block-image size-full\"><a href=\"https:\/\/lefournilogement.fr\/?page_id=570\"><img loading=\"lazy\" decoding=\"async\" width=\"450\" height=\"600\" data-id=\"1037\" src=\"http:\/\/lefournilogement.fr\/wp-content\/uploads\/2023\/07\/IMG_4374.jpg\" alt=\"\" class=\"wp-image-1037\" srcset=\"http:\/\/lefournilogement.fr\/wp-content\/uploads\/2023\/07\/IMG_4374.jpg 450w, http:\/\/lefournilogement.fr\/wp-content\/uploads\/2023\/07\/IMG_4374-225x300.jpg 225w, http:\/\/lefournilogement.fr\/wp-content\/uploads\/2023\/07\/IMG_4374-113x150.jpg 113w\" sizes=\"auto, (max-width: 450px) 100vw, 450px\" \/><\/a><figcaption class=\"wp-element-caption\">Studio 9 (18m<strong>\u00b2<\/strong>)<strong> LOUE<\/strong><\/figcaption><\/figure>\n\n\n\n<figure class=\"wp-block-image size-full is-style-default\"><a href=\"https:\/\/lefournilogement.fr\/?page_id=664\"><img loading=\"lazy\" decoding=\"async\" width=\"450\" height=\"600\" data-id=\"669\" src=\"http:\/\/lefournilogement.fr\/wp-content\/uploads\/2023\/06\/IMG_3500.jpg\" alt=\"\" class=\"wp-image-669\" srcset=\"http:\/\/lefournilogement.fr\/wp-content\/uploads\/2023\/06\/IMG_3500.jpg 450w, http:\/\/lefournilogement.fr\/wp-content\/uploads\/2023\/06\/IMG_3500-225x300.jpg 225w, http:\/\/lefournilogement.fr\/wp-content\/uploads\/2023\/06\/IMG_3500-113x150.jpg 113w\" sizes=\"auto, (max-width: 450px) 100vw, 450px\" \/><\/a><figcaption class=\"wp-element-caption\">Studio Rez de chauss\u00e9e (30 m\u00b2) jardin (20 m\u00b2)<strong> <strong>OCCUPE<\/strong> <\/strong><\/figcaption><\/figure>\n\n\n\n<figure class=\"wp-block-image size-full\"><a href=\"https:\/\/lefournilogement.fr\/?page_id=630\"><img loading=\"lazy\" decoding=\"async\" width=\"800\" height=\"600\" data-id=\"659\" src=\"http:\/\/lefournilogement.fr\/wp-content\/uploads\/2023\/06\/IMG_0006.jpg\" alt=\"\" class=\"wp-image-659\" srcset=\"http:\/\/lefournilogement.fr\/wp-content\/uploads\/2023\/06\/IMG_0006.jpg 800w, http:\/\/lefournilogement.fr\/wp-content\/uploads\/2023\/06\/IMG_0006-300x225.jpg 300w, http:\/\/lefournilogement.fr\/wp-content\/uploads\/2023\/06\/IMG_0006-768x576.jpg 768w, http:\/\/lefournilogement.fr\/wp-content\/uploads\/2023\/06\/IMG_0006-200x150.jpg 200w, http:\/\/lefournilogement.fr\/wp-content\/uploads\/2023\/06\/IMG_0006-150x113.jpg 150w\" sizes=\"auto, (max-width: 800px) 100vw, 800px\" \/><\/a><figcaption class=\"wp-element-caption\">Studio 14bis (20m<strong>\u00b2<\/strong>)<strong> OCCUPE<\/strong> <\/figcaption><\/figure>\n\n\n\n<figure class=\"wp-block-image size-full\"><a href=\"https:\/\/lefournilogement.fr\/?page_id=443\"><img loading=\"lazy\" decoding=\"async\" width=\"450\" height=\"600\" data-id=\"374\" src=\"http:\/\/lefournilogement.fr\/wp-content\/uploads\/2023\/06\/082.jpg\" alt=\"\" class=\"wp-image-374\" srcset=\"http:\/\/lefournilogement.fr\/wp-content\/uploads\/2023\/06\/082.jpg 450w, http:\/\/lefournilogement.fr\/wp-content\/uploads\/2023\/06\/082-225x300.jpg 225w, http:\/\/lefournilogement.fr\/wp-content\/uploads\/2023\/06\/082-113x150.jpg 113w\" sizes=\"auto, (max-width: 450px) 100vw, 450px\" \/><\/a><figcaption class=\"wp-element-caption\">F2 Rez de chauss\u00e9e (50m<strong>\u00b2<\/strong>)<strong> OCCUPE<\/strong><\/figcaption><\/figure>\n\n\n\n<figure class=\"wp-block-image size-full\"><a href=\"https:\/\/lefournilogement.fr\/?page_id=1614\"><img loading=\"lazy\" decoding=\"async\" width=\"450\" height=\"600\" data-id=\"1513\" src=\"https:\/\/lefournilogement.fr\/wp-content\/uploads\/2024\/10\/IMG_4939.jpeg\" alt=\"\" class=\"wp-image-1513\" srcset=\"http:\/\/lefournilogement.fr\/wp-content\/uploads\/2024\/10\/IMG_4939.jpeg 450w, http:\/\/lefournilogement.fr\/wp-content\/uploads\/2024\/10\/IMG_4939-225x300.jpeg 225w, http:\/\/lefournilogement.fr\/wp-content\/uploads\/2024\/10\/IMG_4939-113x150.jpeg 113w\" sizes=\"auto, (max-width: 450px) 100vw, 450px\" \/><\/a><figcaption class=\"wp-element-caption\">F2 (57m\u00b2) Jardin (30 m\u00b2)<strong> OCCUPE<\/strong><\/figcaption><\/figure>\n\n\n\n<figure class=\"wp-block-image size-full is-style-default\"><a href=\"https:\/\/lefournilogement.fr\/?page_id=457\"><img loading=\"lazy\" decoding=\"async\" width=\"450\" height=\"600\" data-id=\"1648\" src=\"https:\/\/lefournilogement.fr\/wp-content\/uploads\/2025\/03\/IMG_5732-1.jpeg\" alt=\"\" class=\"wp-image-1648\" srcset=\"http:\/\/lefournilogement.fr\/wp-content\/uploads\/2025\/03\/IMG_5732-1.jpeg 450w, http:\/\/lefournilogement.fr\/wp-content\/uploads\/2025\/03\/IMG_5732-1-225x300.jpeg 225w, http:\/\/lefournilogement.fr\/wp-content\/uploads\/2025\/03\/IMG_5732-1-113x150.jpeg 113w\" sizes=\"auto, (max-width: 450px) 100vw, 450px\" \/><\/a><figcaption class=\"wp-element-caption\">F3 Rez de chauss\u00e9e (67 m\u00b2) jardin (20 m\u00b2)<strong> <\/strong><br><strong>LOUE<\/strong><\/figcaption><\/figure>\n\n\n\n<figure class=\"wp-block-image size-full\"><a href=\"https:\/\/lefournilogement.fr\/?page_id=477\"><img loading=\"lazy\" decoding=\"async\" width=\"800\" height=\"600\" data-id=\"478\" src=\"http:\/\/lefournilogement.fr\/wp-content\/uploads\/2023\/06\/IMG_2999.jpg\" alt=\"\" class=\"wp-image-478\" srcset=\"http:\/\/lefournilogement.fr\/wp-content\/uploads\/2023\/06\/IMG_2999.jpg 800w, http:\/\/lefournilogement.fr\/wp-content\/uploads\/2023\/06\/IMG_2999-300x225.jpg 300w, http:\/\/lefournilogement.fr\/wp-content\/uploads\/2023\/06\/IMG_2999-768x576.jpg 768w, http:\/\/lefournilogement.fr\/wp-content\/uploads\/2023\/06\/IMG_2999-200x150.jpg 200w, http:\/\/lefournilogement.fr\/wp-content\/uploads\/2023\/06\/IMG_2999-150x113.jpg 150w\" sizes=\"auto, (max-width: 800px) 100vw, 800px\" \/><\/a><figcaption class=\"wp-element-caption\">F3 Rez de chauss\u00e9e (55m\u00b2) jardin (10 m\u00b2)<strong> OCCUPE<\/strong><\/figcaption><\/figure>\n\n\n\n<figure class=\"wp-block-image size-full\"><a href=\"https:\/\/lefournilogement.fr\/?page_id=504\"><img loading=\"lazy\" decoding=\"async\" width=\"800\" height=\"600\" data-id=\"521\" src=\"http:\/\/lefournilogement.fr\/wp-content\/uploads\/2023\/06\/IMG_3017-1.jpg\" alt=\"\" class=\"wp-image-521\" srcset=\"http:\/\/lefournilogement.fr\/wp-content\/uploads\/2023\/06\/IMG_3017-1.jpg 800w, http:\/\/lefournilogement.fr\/wp-content\/uploads\/2023\/06\/IMG_3017-1-300x225.jpg 300w, http:\/\/lefournilogement.fr\/wp-content\/uploads\/2023\/06\/IMG_3017-1-768x576.jpg 768w, http:\/\/lefournilogement.fr\/wp-content\/uploads\/2023\/06\/IMG_3017-1-200x150.jpg 200w, http:\/\/lefournilogement.fr\/wp-content\/uploads\/2023\/06\/IMG_3017-1-150x113.jpg 150w\" sizes=\"auto, (max-width: 800px) 100vw, 800px\" \/><\/a><figcaption class=\"wp-element-caption\">F3 Rez de chauss\u00e9e (61 m\u00b2) jardin (20 m\u00b2)<strong> OCCUPE<\/strong><\/figcaption><\/figure>\n<\/figure>\n<\/div>\n<\/div><\/div>\n<\/div><\/div>\n\n\n\n<div class=\"wp-block-group is-nowrap is-layout-flex wp-container-core-group-is-layout-ad2f72ca wp-block-group-is-layout-flex\">\n<div class=\"wp-block-group is-nowrap is-layout-flex wp-container-core-group-is-layout-ad2f72ca wp-block-group-is-layout-flex\">\n<div class=\"wp-block-columns is-layout-flex wp-container-core-columns-is-layout-9d6595d7 wp-block-columns-is-layout-flex\">\n<div class=\"wp-block-column is-layout-flow wp-block-column-is-layout-flow\" style=\"flex-basis:100%\">\n<div class=\"wp-block-group is-nowrap is-layout-flex wp-container-core-group-is-layout-ad2f72ca wp-block-group-is-layout-flex\">\n<div class=\"wp-block-columns is-layout-flex wp-container-core-columns-is-layout-9d6595d7 wp-block-columns-is-layout-flex\">\n<div class=\"wp-block-column is-vertically-aligned-center is-layout-flow wp-block-column-is-layout-flow\" style=\"flex-basis:100%\">\n<div class=\"wp-block-group is-nowrap is-layout-flex wp-container-core-group-is-layout-ad2f72ca wp-block-group-is-layout-flex\">\n<div class=\"wp-block-columns is-layout-flex wp-container-core-columns-is-layout-9d6595d7 wp-block-columns-is-layout-flex\">\n<div class=\"wp-block-column is-layout-flow wp-block-column-is-layout-flow\" style=\"flex-basis:100%\">\n<div class=\"wp-block-group\"><div class=\"wp-block-group__inner-container is-layout-constrained wp-block-group-is-layout-constrained\">\n<div class=\"wp-block-columns is-layout-flex wp-container-core-columns-is-layout-9d6595d7 wp-block-columns-is-layout-flex\">\n<div class=\"wp-block-column is-layout-flow wp-block-column-is-layout-flow\"><\/div>\n\n\n\n<div class=\"wp-block-column is-layout-flow wp-block-column-is-layout-flow\"><\/div>\n\n\n\n<div class=\"wp-block-column is-layout-flow wp-block-column-is-layout-flow\"><\/div>\n<\/div>\n\n\n\n<div class=\"wp-block-columns is-layout-flex wp-container-core-columns-is-layout-9d6595d7 wp-block-columns-is-layout-flex\">\n<div class=\"wp-block-column is-layout-flow wp-block-column-is-layout-flow\" style=\"flex-basis:100%\"><\/div>\n<\/div>\n\n\n\n<div class=\"wp-block-group\"><div class=\"wp-block-group__inner-container is-layout-constrained wp-block-group-is-layout-constrained\">\n<div class=\"wp-block-group\"><div class=\"wp-block-group__inner-container is-layout-constrained wp-block-group-is-layout-constrained\">\n<div class=\"wp-block-columns is-layout-flex wp-container-core-columns-is-layout-9d6595d7 wp-block-columns-is-layout-flex\"><\/div>\n<\/div><\/div>\n<\/div><\/div>\n<\/div><\/div>\n<\/div>\n<\/div>\n<\/div>\n<\/div>\n<\/div>\n<\/div>\n<\/div>\n<\/div>\n<\/div>\n<\/div>\n","protected":false},"excerpt":{"rendered":"<p>Nos studios sont enti\u00e8rement meubl\u00e9s et tous \u00e9quip\u00e9s d&rsquo;une kitchenette (frigo, plaques de cuisson, micro-onde), d&rsquo;un couchage, d&rsquo;une table, de chaises, d&rsquo;une armoire et d&rsquo;\u00e9tag\u00e8res de rangement. Les studios disposent d&rsquo;une salle de bain et de WC privatifs. Un lave-linge est \u00e0 disposition des locataires. Nos F2 sont \u00e9galement meubl\u00e9s\u2026<\/p>\n<p> <a class=\"continue-reading-link\" href=\"http:\/\/lefournilogement.fr\/?page_id=70\"><span>Continue reading<\/span><i class=\"crycon-right-dir\"><\/i><\/a> <\/p>\n","protected":false},"author":1,"featured_media":249,"parent":0,"menu_order":0,"comment_status":"closed","ping_status":"closed","template":"","meta":{"_exactmetrics_skip_tracking":false,"_exactmetrics_sitenote_active":false,"_exactmetrics_sitenote_note":"","_exactmetrics_sitenote_category":0,"ngg_post_thumbnail":0,"footnotes":""},"class_list":["post-70","page","type-page","status-publish","has-post-thumbnail","hentry"],"yoast_head":"<!-- This site is optimized with the Yoast SEO plugin v27.4 - https:\/\/yoast.com\/product\/yoast-seo-wordpress\/ -->\n<title>Logements meubl\u00e9s proches de l&#039;IUT \u00e0 Bourg-en-Bresse<\/title>\n<meta name=\"description\" content=\"10 logements enti\u00e8rement meubl\u00e9s pour \u00e9tudiants de l&#039;IUT ou de l&#039;\u00e9cole de Commerce \u00e0 Alimentec \u00e0 Bourg-en-Bresse, avenue de Bad Kreuznach.\" \/>\n<meta name=\"robots\" content=\"index, follow, max-snippet:-1, max-image-preview:large, max-video-preview:-1\" \/>\n<link rel=\"canonical\" href=\"http:\/\/lefournilogement.fr\/?page_id=70\" \/>\n<meta property=\"og:locale\" content=\"fr_FR\" \/>\n<meta property=\"og:type\" content=\"article\" \/>\n<meta property=\"og:title\" content=\"Logements meubl\u00e9s proches de l&#039;IUT \u00e0 Bourg-en-Bresse\" \/>\n<meta property=\"og:description\" content=\"10 logements enti\u00e8rement meubl\u00e9s pour \u00e9tudiants de l&#039;IUT ou de l&#039;\u00e9cole de Commerce \u00e0 Alimentec \u00e0 Bourg-en-Bresse, avenue de Bad Kreuznach.\" \/>\n<meta property=\"og:url\" content=\"http:\/\/lefournilogement.fr\/?page_id=70\" \/>\n<meta property=\"og:site_name\" content=\"Lefournilogement\" \/>\n<meta property=\"article:modified_time\" content=\"2026-02-05T15:18:14+00:00\" \/>\n<meta property=\"og:image\" content=\"http:\/\/lefournilogement.fr\/wp-content\/uploads\/ngg_featured\/part000002.jpg\" \/>\n\t<meta property=\"og:image:width\" content=\"450\" \/>\n\t<meta property=\"og:image:height\" content=\"600\" \/>\n\t<meta property=\"og:image:type\" content=\"image\/jpeg\" \/>\n<meta name=\"twitter:card\" content=\"summary_large_image\" \/>\n<meta name=\"twitter:label1\" content=\"Dur\u00e9e de lecture estim\u00e9e\" \/>\n\t<meta name=\"twitter:data1\" content=\"5 minutes\" \/>\n<script type=\"application\/ld+json\" class=\"yoast-schema-graph\">{\"@context\":\"https:\\\/\\\/schema.org\",\"@graph\":[{\"@type\":\"WebPage\",\"@id\":\"http:\\\/\\\/lefournilogement.fr\\\/?page_id=70\",\"url\":\"http:\\\/\\\/lefournilogement.fr\\\/?page_id=70\",\"name\":\"Logements meubl\u00e9s proches de l'IUT \u00e0 Bourg-en-Bresse\",\"isPartOf\":{\"@id\":\"https:\\\/\\\/lefournilogement.fr\\\/#website\"},\"primaryImageOfPage\":{\"@id\":\"http:\\\/\\\/lefournilogement.fr\\\/?page_id=70#primaryimage\"},\"image\":{\"@id\":\"http:\\\/\\\/lefournilogement.fr\\\/?page_id=70#primaryimage\"},\"thumbnailUrl\":\"http:\\\/\\\/lefournilogement.fr\\\/wp-content\\\/uploads\\\/ngg_featured\\\/part000002.jpg\",\"datePublished\":\"2016-06-27T13:30:44+00:00\",\"dateModified\":\"2026-02-05T15:18:14+00:00\",\"description\":\"10 logements enti\u00e8rement meubl\u00e9s pour \u00e9tudiants de l'IUT ou de l'\u00e9cole de Commerce \u00e0 Alimentec \u00e0 Bourg-en-Bresse, avenue de Bad Kreuznach.\",\"breadcrumb\":{\"@id\":\"http:\\\/\\\/lefournilogement.fr\\\/?page_id=70#breadcrumb\"},\"inLanguage\":\"fr-FR\",\"potentialAction\":[{\"@type\":\"ReadAction\",\"target\":[\"http:\\\/\\\/lefournilogement.fr\\\/?page_id=70\"]}]},{\"@type\":\"ImageObject\",\"inLanguage\":\"fr-FR\",\"@id\":\"http:\\\/\\\/lefournilogement.fr\\\/?page_id=70#primaryimage\",\"url\":\"http:\\\/\\\/lefournilogement.fr\\\/wp-content\\\/uploads\\\/ngg_featured\\\/part000002.jpg\",\"contentUrl\":\"http:\\\/\\\/lefournilogement.fr\\\/wp-content\\\/uploads\\\/ngg_featured\\\/part000002.jpg\",\"width\":450,\"height\":600},{\"@type\":\"BreadcrumbList\",\"@id\":\"http:\\\/\\\/lefournilogement.fr\\\/?page_id=70#breadcrumb\",\"itemListElement\":[{\"@type\":\"ListItem\",\"position\":1,\"name\":\"Accueil\",\"item\":\"https:\\\/\\\/lefournilogement.fr\\\/\"},{\"@type\":\"ListItem\",\"position\":2,\"name\":\"14 avenue de Bad Kreuznach\"}]},{\"@type\":\"WebSite\",\"@id\":\"https:\\\/\\\/lefournilogement.fr\\\/#website\",\"url\":\"https:\\\/\\\/lefournilogement.fr\\\/\",\"name\":\"Lefournilogement\",\"description\":\"logement \u00e9tudiant \u00e0 Bourg-en-Bresse\",\"potentialAction\":[{\"@type\":\"SearchAction\",\"target\":{\"@type\":\"EntryPoint\",\"urlTemplate\":\"https:\\\/\\\/lefournilogement.fr\\\/?s={search_term_string}\"},\"query-input\":{\"@type\":\"PropertyValueSpecification\",\"valueRequired\":true,\"valueName\":\"search_term_string\"}}],\"inLanguage\":\"fr-FR\"}]}<\/script>\n<!-- \/ Yoast SEO plugin. -->","yoast_head_json":{"title":"Logements meubl\u00e9s proches de l'IUT \u00e0 Bourg-en-Bresse","description":"10 logements enti\u00e8rement meubl\u00e9s pour \u00e9tudiants de l'IUT ou de l'\u00e9cole de Commerce \u00e0 Alimentec \u00e0 Bourg-en-Bresse, avenue de Bad Kreuznach.","robots":{"index":"index","follow":"follow","max-snippet":"max-snippet:-1","max-image-preview":"max-image-preview:large","max-video-preview":"max-video-preview:-1"},"canonical":"http:\/\/lefournilogement.fr\/?page_id=70","og_locale":"fr_FR","og_type":"article","og_title":"Logements meubl\u00e9s proches de l'IUT \u00e0 Bourg-en-Bresse","og_description":"10 logements enti\u00e8rement meubl\u00e9s pour \u00e9tudiants de l'IUT ou de l'\u00e9cole de Commerce \u00e0 Alimentec \u00e0 Bourg-en-Bresse, avenue de Bad Kreuznach.","og_url":"http:\/\/lefournilogement.fr\/?page_id=70","og_site_name":"Lefournilogement","article_modified_time":"2026-02-05T15:18:14+00:00","og_image":[{"width":450,"height":600,"url":"http:\/\/lefournilogement.fr\/wp-content\/uploads\/ngg_featured\/part000002.jpg","type":"image\/jpeg"}],"twitter_card":"summary_large_image","twitter_misc":{"Dur\u00e9e de lecture estim\u00e9e":"5 minutes"},"schema":{"@context":"https:\/\/schema.org","@graph":[{"@type":"WebPage","@id":"http:\/\/lefournilogement.fr\/?page_id=70","url":"http:\/\/lefournilogement.fr\/?page_id=70","name":"Logements meubl\u00e9s proches de l'IUT \u00e0 Bourg-en-Bresse","isPartOf":{"@id":"https:\/\/lefournilogement.fr\/#website"},"primaryImageOfPage":{"@id":"http:\/\/lefournilogement.fr\/?page_id=70#primaryimage"},"image":{"@id":"http:\/\/lefournilogement.fr\/?page_id=70#primaryimage"},"thumbnailUrl":"http:\/\/lefournilogement.fr\/wp-content\/uploads\/ngg_featured\/part000002.jpg","datePublished":"2016-06-27T13:30:44+00:00","dateModified":"2026-02-05T15:18:14+00:00","description":"10 logements enti\u00e8rement meubl\u00e9s pour \u00e9tudiants de l'IUT ou de l'\u00e9cole de Commerce \u00e0 Alimentec \u00e0 Bourg-en-Bresse, avenue de Bad Kreuznach.","breadcrumb":{"@id":"http:\/\/lefournilogement.fr\/?page_id=70#breadcrumb"},"inLanguage":"fr-FR","potentialAction":[{"@type":"ReadAction","target":["http:\/\/lefournilogement.fr\/?page_id=70"]}]},{"@type":"ImageObject","inLanguage":"fr-FR","@id":"http:\/\/lefournilogement.fr\/?page_id=70#primaryimage","url":"http:\/\/lefournilogement.fr\/wp-content\/uploads\/ngg_featured\/part000002.jpg","contentUrl":"http:\/\/lefournilogement.fr\/wp-content\/uploads\/ngg_featured\/part000002.jpg","width":450,"height":600},{"@type":"BreadcrumbList","@id":"http:\/\/lefournilogement.fr\/?page_id=70#breadcrumb","itemListElement":[{"@type":"ListItem","position":1,"name":"Accueil","item":"https:\/\/lefournilogement.fr\/"},{"@type":"ListItem","position":2,"name":"14 avenue de Bad Kreuznach"}]},{"@type":"WebSite","@id":"https:\/\/lefournilogement.fr\/#website","url":"https:\/\/lefournilogement.fr\/","name":"Lefournilogement","description":"logement \u00e9tudiant \u00e0 Bourg-en-Bresse","potentialAction":[{"@type":"SearchAction","target":{"@type":"EntryPoint","urlTemplate":"https:\/\/lefournilogement.fr\/?s={search_term_string}"},"query-input":{"@type":"PropertyValueSpecification","valueRequired":true,"valueName":"search_term_string"}}],"inLanguage":"fr-FR"}]}},"_links":{"self":[{"href":"http:\/\/lefournilogement.fr\/index.php?rest_route=\/wp\/v2\/pages\/70","targetHints":{"allow":["GET"]}}],"collection":[{"href":"http:\/\/lefournilogement.fr\/index.php?rest_route=\/wp\/v2\/pages"}],"about":[{"href":"http:\/\/lefournilogement.fr\/index.php?rest_route=\/wp\/v2\/types\/page"}],"author":[{"embeddable":true,"href":"http:\/\/lefournilogement.fr\/index.php?rest_route=\/wp\/v2\/users\/1"}],"replies":[{"embeddable":true,"href":"http:\/\/lefournilogement.fr\/index.php?rest_route=%2Fwp%2Fv2%2Fcomments&post=70"}],"version-history":[{"count":120,"href":"http:\/\/lefournilogement.fr\/index.php?rest_route=\/wp\/v2\/pages\/70\/revisions"}],"predecessor-version":[{"id":1887,"href":"http:\/\/lefournilogement.fr\/index.php?rest_route=\/wp\/v2\/pages\/70\/revisions\/1887"}],"wp:featuredmedia":[{"embeddable":true,"href":"http:\/\/lefournilogement.fr\/index.php?rest_route=\/wp\/v2\/media\/249"}],"wp:attachment":[{"href":"http:\/\/lefournilogement.fr\/index.php?rest_route=%2Fwp%2Fv2%2Fmedia&parent=70"}],"curies":[{"name":"wp","href":"https:\/\/api.w.org\/{rel}","templated":true}]}}