{"id":6,"date":"2016-06-27T10:07:34","date_gmt":"2016-06-27T09:07:34","guid":{"rendered":"http:\/\/lefournilogement.fr\/?page_id=6"},"modified":"2026-02-05T16:25:56","modified_gmt":"2026-02-05T15:25:56","slug":"nos-tarifs-modalites","status":"publish","type":"page","link":"https:\/\/lefournilogement.fr\/?page_id=6","title":{"rendered":"Nos tarifs et modalit\u00e9s"},"content":{"rendered":"<div style=\"color: #000000; text-transform: none; text-indent: 0px; letter-spacing: normal; word-spacing: 0px; white-space: normal; widows: 1; background-color: #ffffff; -webkit-text-stroke-width: 0px;\" align=\"center\">\n<p style=\"text-align: left;\"><strong>Pour les studios meubl\u00e9s<\/strong> \u00e0 l&rsquo;\u00e9tage avenue de Bad Kreuznach et rue du Revermont, le loyer mensuel est&nbsp; de <strong>390 \u20ac<\/strong>. <strong>En plus du loyer<\/strong>, les charges forfaitaires sont de <strong>95 \u20ac<\/strong> et comprennent l&rsquo;\u00e9lectricit\u00e9, l&rsquo;eau, l&rsquo;acc\u00e8s \u00e0 internet en wifi et la taxe d&rsquo;enl\u00e8vement des ordures m\u00e9nag\u00e8res.<\/p>\n<p style=\"text-align: left;\"><strong>Pour les grands studios meubl\u00e9s en rez-de-chauss\u00e9e<\/strong> les charges comprennent l&rsquo;eau, l&rsquo;acc\u00e8s \u00e0 internet en wifi et la taxe d&rsquo;enl\u00e8vement des ordures m\u00e9nag\u00e8res. L&rsquo;\u00e9lectricit\u00e9 est \u00e0 la charge du locataire. Pour le loyer nous consulter.<\/p>\n<p style=\"text-align: left;\"><strong>Pour les autres logements, <\/strong>les charges comprennent l&rsquo;eau et et la taxe d&rsquo;enl\u00e8vement des ordures m\u00e9nag\u00e8res. Pour le loyer nous consulter.<\/p>\n<\/div>\n<ul style=\"color: #000000; text-transform: none; text-indent: 0px; letter-spacing: normal; word-spacing: 0px; white-space: normal; widows: 1; background-color: #ffffff; -webkit-text-stroke-width: 0px;\">\n<li>\n<p align=\"left\"><span style=\"color: #000000; font-family: Verdana; font-size: medium;\">Le bail des logements meubl\u00e9s est de 12 mois.<\/span><\/p>\n<\/li>\n<li>\n<p align=\"left\"><span style=\"color: #000000; font-family: Verdana; font-size: medium;\">En tant qu&rsquo;\u00e9tudiant ou apprenti vous pouvez b\u00e9n\u00e9ficier de l&rsquo;allocation logement de la <strong><em>CAF <\/em><\/strong>et d&rsquo;aides financi\u00e8res d&rsquo;Action Logement.<\/span><\/p>\n<\/li>\n<li>\n<p align=\"left\"><span style=\"color: #000000; font-family: Verdana; font-size: medium;\">La caution est de 1 mois de loyer sans les charges. Vous pouvez demander \u00e0 <em><strong>VISALE<\/strong><\/em> dispositif d&rsquo;Action Logement de se porter garant pour vous. (voir sur leurs sites pour les modalit\u00e9s).<\/span><\/p>\n<\/li>\n<li>\n<p align=\"left\"><span style=\"color: #000000; font-family: Verdana; font-size: medium;\">En p\u00e9riode d&rsquo;\u00e9t\u00e9 nous pouvons faire des locations saisonni\u00e8res (nous consulter).<\/span><\/p>\n<\/li>\n<\/ul>\n<ul>\n<li><span style=\"text-decoration: underline;\"><strong>Liens utiles&nbsp;<\/strong><\/span><\/li>\n<li>&nbsp;<a href=\"http:\/\/www.caf.fr\/\" target=\"_blank\" rel=\"noopener noreferrer\">CAF<\/a><\/li>\n<li>&nbsp;<a href=\"https:\/\/www.rubis.grandbourg.fr\/\" target=\"_blank\" rel=\"noopener noreferrer\">Transports urbains de la Ville de Bourg-en-Bresse<\/a><\/li>\n<li>&nbsp;<a href=\"http:\/\/visale.fr\" target=\"_blank\" rel=\"noopener noreferrer\">Visale<\/a><\/li>\n<li>&nbsp;<a href=\"http:\/\/actionlogement.fr\/\" target=\"_blank\" rel=\"noopener noreferrer\">Action Logement<\/a><\/li>\n<\/ul>\n\n\n<p><\/p>\n","protected":false},"excerpt":{"rendered":"<p>Pour les studios meubl\u00e9s \u00e0 l&rsquo;\u00e9tage avenue de Bad Kreuznach et rue du Revermont, le loyer mensuel est&nbsp; de 390 \u20ac. En plus du loyer, les charges forfaitaires sont de 95 \u20ac et comprennent l&rsquo;\u00e9lectricit\u00e9, l&rsquo;eau, l&rsquo;acc\u00e8s \u00e0 internet en wifi et la taxe d&rsquo;enl\u00e8vement des ordures m\u00e9nag\u00e8res. Pour les\u2026<\/p>\n<p> <a class=\"continue-reading-link\" href=\"https:\/\/lefournilogement.fr\/?page_id=6\"><span>Continue reading<\/span><i class=\"crycon-right-dir\"><\/i><\/a> <\/p>\n","protected":false},"author":1,"featured_media":0,"parent":0,"menu_order":0,"comment_status":"closed","ping_status":"closed","template":"","meta":{"_exactmetrics_skip_tracking":false,"_exactmetrics_sitenote_active":false,"_exactmetrics_sitenote_note":"","_exactmetrics_sitenote_category":0,"ngg_post_thumbnail":0,"footnotes":""},"class_list":["post-6","page","type-page","status-publish","hentry"],"yoast_head":"<!-- This site is optimized with the Yoast SEO plugin v27.4 - https:\/\/yoast.com\/product\/yoast-seo-wordpress\/ -->\n<title>Tarifs et modalit\u00e9s<\/title>\n<meta name=\"description\" content=\"Logements meubl\u00e9s pour \u00e9tudiants \u00e0 proximit\u00e9 de l&#039;IUT et de l&#039;\u00e9cole de Commerce \u00e0 Alimentec \u00e0 Bourg-en-Bresse dans l&#039;ain.\" \/>\n<meta name=\"robots\" content=\"index, follow, max-snippet:-1, max-image-preview:large, max-video-preview:-1\" \/>\n<link rel=\"canonical\" href=\"https:\/\/lefournilogement.fr\/?page_id=6\" \/>\n<meta property=\"og:locale\" content=\"fr_FR\" \/>\n<meta property=\"og:type\" content=\"article\" \/>\n<meta property=\"og:title\" content=\"Tarifs et modalit\u00e9s\" \/>\n<meta property=\"og:description\" content=\"Logements meubl\u00e9s pour \u00e9tudiants \u00e0 proximit\u00e9 de l&#039;IUT et de l&#039;\u00e9cole de Commerce \u00e0 Alimentec \u00e0 Bourg-en-Bresse dans l&#039;ain.\" \/>\n<meta property=\"og:url\" content=\"https:\/\/lefournilogement.fr\/?page_id=6\" \/>\n<meta property=\"og:site_name\" content=\"Lefournilogement\" \/>\n<meta property=\"article:modified_time\" content=\"2026-02-05T15:25:56+00:00\" \/>\n<meta name=\"twitter:card\" content=\"summary_large_image\" \/>\n<meta name=\"twitter:label1\" content=\"Dur\u00e9e de lecture estim\u00e9e\" \/>\n\t<meta name=\"twitter:data1\" content=\"1 minute\" \/>\n<script type=\"application\/ld+json\" class=\"yoast-schema-graph\">{\"@context\":\"https:\\\/\\\/schema.org\",\"@graph\":[{\"@type\":\"WebPage\",\"@id\":\"https:\\\/\\\/lefournilogement.fr\\\/?page_id=6\",\"url\":\"https:\\\/\\\/lefournilogement.fr\\\/?page_id=6\",\"name\":\"Tarifs et modalit\u00e9s\",\"isPartOf\":{\"@id\":\"https:\\\/\\\/lefournilogement.fr\\\/#website\"},\"datePublished\":\"2016-06-27T09:07:34+00:00\",\"dateModified\":\"2026-02-05T15:25:56+00:00\",\"description\":\"Logements meubl\u00e9s pour \u00e9tudiants \u00e0 proximit\u00e9 de l'IUT et de l'\u00e9cole de Commerce \u00e0 Alimentec \u00e0 Bourg-en-Bresse dans l'ain.\",\"breadcrumb\":{\"@id\":\"https:\\\/\\\/lefournilogement.fr\\\/?page_id=6#breadcrumb\"},\"inLanguage\":\"fr-FR\",\"potentialAction\":[{\"@type\":\"ReadAction\",\"target\":[\"https:\\\/\\\/lefournilogement.fr\\\/?page_id=6\"]}]},{\"@type\":\"BreadcrumbList\",\"@id\":\"https:\\\/\\\/lefournilogement.fr\\\/?page_id=6#breadcrumb\",\"itemListElement\":[{\"@type\":\"ListItem\",\"position\":1,\"name\":\"Accueil\",\"item\":\"https:\\\/\\\/lefournilogement.fr\\\/\"},{\"@type\":\"ListItem\",\"position\":2,\"name\":\"Nos tarifs et modalit\u00e9s\"}]},{\"@type\":\"WebSite\",\"@id\":\"https:\\\/\\\/lefournilogement.fr\\\/#website\",\"url\":\"https:\\\/\\\/lefournilogement.fr\\\/\",\"name\":\"Lefournilogement\",\"description\":\"logement \u00e9tudiant \u00e0 Bourg-en-Bresse\",\"potentialAction\":[{\"@type\":\"SearchAction\",\"target\":{\"@type\":\"EntryPoint\",\"urlTemplate\":\"https:\\\/\\\/lefournilogement.fr\\\/?s={search_term_string}\"},\"query-input\":{\"@type\":\"PropertyValueSpecification\",\"valueRequired\":true,\"valueName\":\"search_term_string\"}}],\"inLanguage\":\"fr-FR\"}]}<\/script>\n<!-- \/ Yoast SEO plugin. -->","yoast_head_json":{"title":"Tarifs et modalit\u00e9s","description":"Logements meubl\u00e9s pour \u00e9tudiants \u00e0 proximit\u00e9 de l'IUT et de l'\u00e9cole de Commerce \u00e0 Alimentec \u00e0 Bourg-en-Bresse dans l'ain.","robots":{"index":"index","follow":"follow","max-snippet":"max-snippet:-1","max-image-preview":"max-image-preview:large","max-video-preview":"max-video-preview:-1"},"canonical":"https:\/\/lefournilogement.fr\/?page_id=6","og_locale":"fr_FR","og_type":"article","og_title":"Tarifs et modalit\u00e9s","og_description":"Logements meubl\u00e9s pour \u00e9tudiants \u00e0 proximit\u00e9 de l'IUT et de l'\u00e9cole de Commerce \u00e0 Alimentec \u00e0 Bourg-en-Bresse dans l'ain.","og_url":"https:\/\/lefournilogement.fr\/?page_id=6","og_site_name":"Lefournilogement","article_modified_time":"2026-02-05T15:25:56+00:00","twitter_card":"summary_large_image","twitter_misc":{"Dur\u00e9e de lecture estim\u00e9e":"1 minute"},"schema":{"@context":"https:\/\/schema.org","@graph":[{"@type":"WebPage","@id":"https:\/\/lefournilogement.fr\/?page_id=6","url":"https:\/\/lefournilogement.fr\/?page_id=6","name":"Tarifs et modalit\u00e9s","isPartOf":{"@id":"https:\/\/lefournilogement.fr\/#website"},"datePublished":"2016-06-27T09:07:34+00:00","dateModified":"2026-02-05T15:25:56+00:00","description":"Logements meubl\u00e9s pour \u00e9tudiants \u00e0 proximit\u00e9 de l'IUT et de l'\u00e9cole de Commerce \u00e0 Alimentec \u00e0 Bourg-en-Bresse dans l'ain.","breadcrumb":{"@id":"https:\/\/lefournilogement.fr\/?page_id=6#breadcrumb"},"inLanguage":"fr-FR","potentialAction":[{"@type":"ReadAction","target":["https:\/\/lefournilogement.fr\/?page_id=6"]}]},{"@type":"BreadcrumbList","@id":"https:\/\/lefournilogement.fr\/?page_id=6#breadcrumb","itemListElement":[{"@type":"ListItem","position":1,"name":"Accueil","item":"https:\/\/lefournilogement.fr\/"},{"@type":"ListItem","position":2,"name":"Nos tarifs et modalit\u00e9s"}]},{"@type":"WebSite","@id":"https:\/\/lefournilogement.fr\/#website","url":"https:\/\/lefournilogement.fr\/","name":"Lefournilogement","description":"logement \u00e9tudiant \u00e0 Bourg-en-Bresse","potentialAction":[{"@type":"SearchAction","target":{"@type":"EntryPoint","urlTemplate":"https:\/\/lefournilogement.fr\/?s={search_term_string}"},"query-input":{"@type":"PropertyValueSpecification","valueRequired":true,"valueName":"search_term_string"}}],"inLanguage":"fr-FR"}]}},"_links":{"self":[{"href":"https:\/\/lefournilogement.fr\/index.php?rest_route=\/wp\/v2\/pages\/6","targetHints":{"allow":["GET"]}}],"collection":[{"href":"https:\/\/lefournilogement.fr\/index.php?rest_route=\/wp\/v2\/pages"}],"about":[{"href":"https:\/\/lefournilogement.fr\/index.php?rest_route=\/wp\/v2\/types\/page"}],"author":[{"embeddable":true,"href":"https:\/\/lefournilogement.fr\/index.php?rest_route=\/wp\/v2\/users\/1"}],"replies":[{"embeddable":true,"href":"https:\/\/lefournilogement.fr\/index.php?rest_route=%2Fwp%2Fv2%2Fcomments&post=6"}],"version-history":[{"count":36,"href":"https:\/\/lefournilogement.fr\/index.php?rest_route=\/wp\/v2\/pages\/6\/revisions"}],"predecessor-version":[{"id":1889,"href":"https:\/\/lefournilogement.fr\/index.php?rest_route=\/wp\/v2\/pages\/6\/revisions\/1889"}],"wp:attachment":[{"href":"https:\/\/lefournilogement.fr\/index.php?rest_route=%2Fwp%2Fv2%2Fmedia&parent=6"}],"curies":[{"name":"wp","href":"https:\/\/api.w.org\/{rel}","templated":true}]}}